{"id":537,"date":"2023-02-09T20:41:10","date_gmt":"2023-02-09T20:41:10","guid":{"rendered":"https:\/\/internet-faxing.com\/pure-e-fax\/web-to-fax\/"},"modified":"2023-04-12T18:09:55","modified_gmt":"2023-04-12T18:09:55","slug":"web-vers-fax","status":"publish","type":"page","link":"https:\/\/internet-faxing.com\/fr\/pure-e-fax\/web-vers-fax\/","title":{"rendered":"Web vers fax"},"content":{"rendered":"\t\t<div data-elementor-type=\"wp-page\" data-elementor-id=\"537\" class=\"elementor elementor-537 elementor-409\">\n\t\t\t\t\t\t<section class=\"elementor-section elementor-top-section elementor-element elementor-element-2b50e232 elementor-section-height-min-height elementor-section-boxed elementor-section-height-default elementor-section-items-middle\" data-id=\"2b50e232\" data-element_type=\"section\" data-e-type=\"section\" data-settings=\"{&quot;jet_parallax_layout_list&quot;:[{&quot;jet_parallax_layout_image&quot;:{&quot;url&quot;:&quot;&quot;,&quot;id&quot;:&quot;&quot;,&quot;size&quot;:&quot;&quot;},&quot;_id&quot;:&quot;fc32e59&quot;,&quot;jet_parallax_layout_image_tablet&quot;:{&quot;url&quot;:&quot;&quot;,&quot;id&quot;:&quot;&quot;,&quot;size&quot;:&quot;&quot;},&quot;jet_parallax_layout_image_mobile&quot;:{&quot;url&quot;:&quot;&quot;,&quot;id&quot;:&quot;&quot;,&quot;size&quot;:&quot;&quot;},&quot;jet_parallax_layout_speed&quot;:{&quot;unit&quot;:&quot;%&quot;,&quot;size&quot;:50,&quot;sizes&quot;:[]},&quot;jet_parallax_layout_type&quot;:&quot;scroll&quot;,&quot;jet_parallax_layout_direction&quot;:&quot;1&quot;,&quot;jet_parallax_layout_fx_direction&quot;:null,&quot;jet_parallax_layout_z_index&quot;:&quot;&quot;,&quot;jet_parallax_layout_bg_x&quot;:50,&quot;jet_parallax_layout_bg_x_tablet&quot;:&quot;&quot;,&quot;jet_parallax_layout_bg_x_mobile&quot;:&quot;&quot;,&quot;jet_parallax_layout_bg_y&quot;:50,&quot;jet_parallax_layout_bg_y_tablet&quot;:&quot;&quot;,&quot;jet_parallax_layout_bg_y_mobile&quot;:&quot;&quot;,&quot;jet_parallax_layout_bg_size&quot;:&quot;auto&quot;,&quot;jet_parallax_layout_bg_size_tablet&quot;:&quot;&quot;,&quot;jet_parallax_layout_bg_size_mobile&quot;:&quot;&quot;,&quot;jet_parallax_layout_animation_prop&quot;:&quot;transform&quot;,&quot;jet_parallax_layout_on&quot;:[&quot;desktop&quot;,&quot;tablet&quot;]}],&quot;background_background&quot;:&quot;classic&quot;}\">\n\t\t\t\t\t\t\t<div class=\"elementor-background-overlay\"><\/div>\n\t\t\t\t\t\t\t<div class=\"elementor-container elementor-column-gap-default\">\n\t\t\t\t\t<div class=\"elementor-column elementor-col-50 elementor-top-column elementor-element elementor-element-1ea06b4f\" data-id=\"1ea06b4f\" data-element_type=\"column\" data-e-type=\"column\">\n\t\t\t<div class=\"elementor-widget-wrap elementor-element-populated\">\n\t\t\t\t\t\t<div class=\"elementor-element elementor-element-58a0332c elementor-widget elementor-widget-heading\" data-id=\"58a0332c\" data-element_type=\"widget\" data-e-type=\"widget\" data-widget_type=\"heading.default\">\n\t\t\t\t<div class=\"elementor-widget-container\">\n\t\t\t\t\t<h2 class=\"elementor-heading-title elementor-size-default\"><a href=\"https:\/\/internet-faxing.com\/fr\/pure-e-fax\/\" target=\"_blank\">Fax \u00e9lectronique sans t\u00e9l\u00e9copieur<\/a><\/h2>\t\t\t\t<\/div>\n\t\t\t\t<\/div>\n\t\t\t\t<div class=\"elementor-element elementor-element-ba91123 elementor-widget elementor-widget-heading\" data-id=\"ba91123\" data-element_type=\"widget\" data-e-type=\"widget\" data-widget_type=\"heading.default\">\n\t\t\t\t<div class=\"elementor-widget-container\">\n\t\t\t\t\t<h1 class=\"elementor-heading-title elementor-size-default\">Web vers fax<\/h1>\t\t\t\t<\/div>\n\t\t\t\t<\/div>\n\t\t\t\t<div class=\"elementor-element elementor-element-662033d5 elementor-widget elementor-widget-text-editor\" data-id=\"662033d5\" data-element_type=\"widget\" data-e-type=\"widget\" data-widget_type=\"text-editor.default\">\n\t\t\t\t<div class=\"elementor-widget-container\">\n\t\t\t\t\t\t\t\t\t<p>Les utilisateurs d&rsquo;E-Fax peuvent acc\u00e9der au portail utilisateur et envoyer un fax \u00e0 partir de n&rsquo;importe quel navigateur internet. Il leur suffit de se connecter \u00e0 leur compte, de remplir les informations requises, d&rsquo;envoyer et de consulter l&rsquo;\u00e9tat de la t\u00e9l\u00e9copie en temps r\u00e9el sur le web.\u00a0<\/p>\t\t\t\t\t\t\t\t<\/div>\n\t\t\t\t<\/div>\n\t\t\t\t<div class=\"elementor-element elementor-element-1e90b4ec elementor-widget__width-auto elementor-absolute elementor-widget-tablet__width-initial elementor-widget elementor-widget-image\" data-id=\"1e90b4ec\" data-element_type=\"widget\" data-e-type=\"widget\" data-settings=\"{&quot;_position&quot;:&quot;absolute&quot;}\" data-widget_type=\"image.default\">\n\t\t\t\t<div class=\"elementor-widget-container\">\n\t\t\t\t\t\t\t\t\t\t\t\t\t\t\t<img decoding=\"async\" src=\"https:\/\/jupiterx.artbees.net\/app-4\/wp-content\/uploads\/sites\/491\/2020\/12\/hero-bg.png\" title=\"\" alt=\"\" loading=\"lazy\" \/>\t\t\t\t\t\t\t\t\t\t\t\t\t\t\t<\/div>\n\t\t\t\t<\/div>\n\t\t\t\t<div class=\"jet-popup-target elementor-element elementor-element-6321cfe elementor-widget__width-auto elementor-widget elementor-widget-button\" data-jet-popup=\"{&quot;attached-popup&quot;:&quot;jet-popup-&quot;,&quot;trigger-type&quot;:&quot;click-self&quot;,&quot;trigger-custom-selector&quot;:&quot;&quot;}\" data-id=\"6321cfe\" data-element_type=\"widget\" data-e-type=\"widget\" data-widget_type=\"button.default\">\n\t\t\t\t<div class=\"elementor-widget-container\">\n\t\t\t\t\t\t\t\t\t<div class=\"elementor-button-wrapper\">\n\t\t\t\t\t<a class=\"elementor-button elementor-button-link elementor-size-sm\" href=\"#\">\n\t\t\t\t\t\t<span class=\"elementor-button-content-wrapper\">\n\t\t\t\t\t\t\t\t\t<span class=\"elementor-button-text\">Parler aux ventes<\/span>\n\t\t\t\t\t<\/span>\n\t\t\t\t\t<\/a>\n\t\t\t\t<\/div>\n\t\t\t\t\t\t\t\t<\/div>\n\t\t\t\t<\/div>\n\t\t\t\t\t<\/div>\n\t\t<\/div>\n\t\t\t\t<div class=\"elementor-column elementor-col-50 elementor-top-column elementor-element elementor-element-71768791\" data-id=\"71768791\" data-element_type=\"column\" data-e-type=\"column\">\n\t\t\t<div class=\"elementor-widget-wrap\">\n\t\t\t\t\t\t\t<\/div>\n\t\t<\/div>\n\t\t\t\t\t<\/div>\n\t\t<\/section>\n\t\t\t\t<section class=\"elementor-section elementor-top-section elementor-element elementor-element-61dc2a5 elementor-section-boxed elementor-section-height-default elementor-section-height-default\" data-id=\"61dc2a5\" data-element_type=\"section\" data-e-type=\"section\" data-settings=\"{&quot;jet_parallax_layout_list&quot;:[]}\">\n\t\t\t\t\t\t<div class=\"elementor-container elementor-column-gap-default\">\n\t\t\t\t\t<div class=\"elementor-column elementor-col-100 elementor-top-column elementor-element elementor-element-eb7a122\" data-id=\"eb7a122\" data-element_type=\"column\" data-e-type=\"column\">\n\t\t\t<div class=\"elementor-widget-wrap elementor-element-populated\">\n\t\t\t\t\t\t<div class=\"elementor-element elementor-element-704b83f elementor-widget elementor-widget-jet-lottie\" data-id=\"704b83f\" data-element_type=\"widget\" data-e-type=\"widget\" data-widget_type=\"jet-lottie.default\">\n\t\t\t\t<div class=\"elementor-widget-container\">\n\t\t\t\t\t<div class=\"elementor-jet-lottie jet-elements\"><div class=\"jet-lottie\" data-settings=\"{&quot;path&quot;:&quot;https:\\\/\\\/internet-faxing.com\\\/wp-content\\\/uploads\\\/2023\\\/03\\\/lf20_o87tttfh.json&quot;,&quot;renderer&quot;:&quot;svg&quot;,&quot;action_start&quot;:&quot;autoplay&quot;,&quot;delay&quot;:0,&quot;on_hover_out&quot;:&quot;default&quot;,&quot;redirect_timeout&quot;:0,&quot;viewport&quot;:&quot;&quot;,&quot;loop&quot;:true,&quot;loop_times&quot;:&quot;&quot;,&quot;reversed&quot;:false,&quot;play_speed&quot;:1}\"><div class=\"jet-lottie__elem\"><\/div><\/div><\/div>\t\t\t\t<\/div>\n\t\t\t\t<\/div>\n\t\t\t\t\t<\/div>\n\t\t<\/div>\n\t\t\t\t\t<\/div>\n\t\t<\/section>\n\t\t\t\t<section class=\"elementor-section elementor-top-section elementor-element elementor-element-45cc765 elementor-section-boxed elementor-section-height-default elementor-section-height-default\" data-id=\"45cc765\" data-element_type=\"section\" data-e-type=\"section\" data-settings=\"{&quot;jet_parallax_layout_list&quot;:[{&quot;jet_parallax_layout_image&quot;:{&quot;url&quot;:&quot;&quot;,&quot;id&quot;:&quot;&quot;,&quot;size&quot;:&quot;&quot;},&quot;_id&quot;:&quot;b87c96c&quot;,&quot;jet_parallax_layout_image_tablet&quot;:{&quot;url&quot;:&quot;&quot;,&quot;id&quot;:&quot;&quot;,&quot;size&quot;:&quot;&quot;},&quot;jet_parallax_layout_image_mobile&quot;:{&quot;url&quot;:&quot;&quot;,&quot;id&quot;:&quot;&quot;,&quot;size&quot;:&quot;&quot;},&quot;jet_parallax_layout_speed&quot;:{&quot;unit&quot;:&quot;%&quot;,&quot;size&quot;:50,&quot;sizes&quot;:[]},&quot;jet_parallax_layout_type&quot;:&quot;scroll&quot;,&quot;jet_parallax_layout_direction&quot;:&quot;1&quot;,&quot;jet_parallax_layout_fx_direction&quot;:null,&quot;jet_parallax_layout_z_index&quot;:&quot;&quot;,&quot;jet_parallax_layout_bg_x&quot;:50,&quot;jet_parallax_layout_bg_x_tablet&quot;:&quot;&quot;,&quot;jet_parallax_layout_bg_x_mobile&quot;:&quot;&quot;,&quot;jet_parallax_layout_bg_y&quot;:50,&quot;jet_parallax_layout_bg_y_tablet&quot;:&quot;&quot;,&quot;jet_parallax_layout_bg_y_mobile&quot;:&quot;&quot;,&quot;jet_parallax_layout_bg_size&quot;:&quot;auto&quot;,&quot;jet_parallax_layout_bg_size_tablet&quot;:&quot;&quot;,&quot;jet_parallax_layout_bg_size_mobile&quot;:&quot;&quot;,&quot;jet_parallax_layout_animation_prop&quot;:&quot;transform&quot;,&quot;jet_parallax_layout_on&quot;:[&quot;desktop&quot;,&quot;tablet&quot;]}]}\">\n\t\t\t\t\t\t<div class=\"elementor-container elementor-column-gap-default\">\n\t\t\t\t\t<div class=\"elementor-column elementor-col-50 elementor-top-column elementor-element elementor-element-3bdf198\" data-id=\"3bdf198\" data-element_type=\"column\" data-e-type=\"column\" data-settings=\"{&quot;background_background&quot;:&quot;classic&quot;}\">\n\t\t\t<div class=\"elementor-widget-wrap elementor-element-populated\">\n\t\t\t\t\t\t<div class=\"elementor-element elementor-element-e4aa06a elementor-widget elementor-widget-heading\" data-id=\"e4aa06a\" data-element_type=\"widget\" data-e-type=\"widget\" data-widget_type=\"heading.default\">\n\t\t\t\t<div class=\"elementor-widget-container\">\n\t\t\t\t\t<h2 class=\"elementor-heading-title elementor-size-default\">Qu'est-ce que le<br \/> Web vers fax ?<\/h2>\t\t\t\t<\/div>\n\t\t\t\t<\/div>\n\t\t\t\t<div class=\"elementor-element elementor-element-70dbbec elementor-widget elementor-widget-text-editor\" data-id=\"70dbbec\" data-element_type=\"widget\" data-e-type=\"widget\" data-widget_type=\"text-editor.default\">\n\t\t\t\t<div class=\"elementor-widget-container\">\n\t\t\t\t\t\t\t\t\t<p>Le Web vers fax est une m\u00e9thode moderne et avanc\u00e9e d&rsquo;envoi de fax par voie \u00e9lectronique, gr\u00e2ce \u00e0 l&rsquo;utilisation de l&rsquo;internet. Cette fonction permet aux entreprises et aux particuliers d&rsquo;envoyer et de recevoir des t\u00e9l\u00e9copies sans avoir recours \u00e0 des <span style=\"color: #666699;\"><a style=\"color: #666699;\" href=\"https:\/\/fr.wikipedia.org\/wiki\/T%C3%A9l%C3%A9copieur\" target=\"_blank\" rel=\"noopener\">t\u00e9l\u00e9copieurs traditionnels<\/a><\/span> ou \u00e0 des lignes t\u00e9l\u00e9phoniques. Les utilisateurs peuvent se connecter \u00e0 leur compte e-fax via un navigateur web et utiliser l&rsquo;interface conviviale pour remplir les informations relatives au destinataire, joindre des fichiers et envoyer le fax. La plupart des formats de pi\u00e8ces jointes sont pris en charge. <a href=\"https:\/\/internet-faxing.com\/fr\/formats-des-documents-de-telecopie\/\" target=\"_blank\" rel=\"noopener\">Voir la liste compl\u00e8te des formats pris en charge ici<\/a>.<\/p><p>La fonction Web vers fax offre une solution pratique, efficace et rentable pour l&rsquo;envoi de t\u00e9l\u00e9copies. C&rsquo;est une solution id\u00e9ale pour les entreprises et les particuliers qui ont besoin de pouvoir envoyer et recevoir des faxes par voie \u00e9lectronique.<\/p>\t\t\t\t\t\t\t\t<\/div>\n\t\t\t\t<\/div>\n\t\t\t\t\t<\/div>\n\t\t<\/div>\n\t\t\t\t<div class=\"elementor-column elementor-col-50 elementor-top-column elementor-element elementor-element-c4a5d3c\" data-id=\"c4a5d3c\" data-element_type=\"column\" data-e-type=\"column\" data-settings=\"{&quot;background_background&quot;:&quot;classic&quot;}\">\n\t\t\t<div class=\"elementor-widget-wrap elementor-element-populated\">\n\t\t\t\t\t\t<div class=\"elementor-element elementor-element-861ede5 elementor-widget elementor-widget-heading\" data-id=\"861ede5\" data-element_type=\"widget\" data-e-type=\"widget\" data-widget_type=\"heading.default\">\n\t\t\t\t<div class=\"elementor-widget-container\">\n\t\t\t\t\t<h2 class=\"elementor-heading-title elementor-size-default\">Advantages<\/h2>\t\t\t\t<\/div>\n\t\t\t\t<\/div>\n\t\t\t\t<div class=\"elementor-element elementor-element-4c55e83 elementor-position-inline-start elementor-mobile-position-inline-start elementor-view-default elementor-widget elementor-widget-icon-box\" data-id=\"4c55e83\" data-element_type=\"widget\" data-e-type=\"widget\" data-widget_type=\"icon-box.default\">\n\t\t\t\t<div class=\"elementor-widget-container\">\n\t\t\t\t\t\t\t<div class=\"elementor-icon-box-wrapper\">\n\n\t\t\t\t\t\t<div class=\"elementor-icon-box-icon\">\n\t\t\t\t<span  class=\"elementor-icon\">\n\t\t\t\t<i aria-hidden=\"true\" class=\"fas fa-check\"><\/i>\t\t\t\t<\/span>\n\t\t\t<\/div>\n\t\t\t\n\t\t\t\t\t\t<div class=\"elementor-icon-box-content\">\n\n\t\t\t\t\n\t\t\t\t\t\t\t\t\t<p class=\"elementor-icon-box-description\">\n\t\t\t\t\t\tLa fonction Web vers fax offre aux utilisateurs un moyen pratique d'envoyer des faxes sans avoir besoin d'un t\u00e9l\u00e9copieur physique. L'interface conviviale du portail web facilite la saisie des informations relatives au destinataire, l'ajout de pi\u00e8ces jointes et l'envoi du fax. La fonction de suivi du statut en temps r\u00e9el permet aux utilisateurs de conna\u00eetre le statut de leur fax et de savoir s'il a \u00e9t\u00e9 envoy\u00e9 avec succ\u00e8s. Il n'est donc plus n\u00e9cessaire d'attendre une confirmation ou un suivi de l'\u00e9tat de la t\u00e9l\u00e9copie.\t\t\t\t\t<\/p>\n\t\t\t\t\n\t\t\t<\/div>\n\t\t\t\n\t\t<\/div>\n\t\t\t\t\t\t<\/div>\n\t\t\t\t<\/div>\n\t\t\t\t<div class=\"elementor-element elementor-element-c960cb1 elementor-position-inline-start elementor-mobile-position-inline-start elementor-view-default elementor-widget elementor-widget-icon-box\" data-id=\"c960cb1\" data-element_type=\"widget\" data-e-type=\"widget\" data-widget_type=\"icon-box.default\">\n\t\t\t\t<div class=\"elementor-widget-container\">\n\t\t\t\t\t\t\t<div class=\"elementor-icon-box-wrapper\">\n\n\t\t\t\t\t\t<div class=\"elementor-icon-box-icon\">\n\t\t\t\t<span  class=\"elementor-icon\">\n\t\t\t\t<i aria-hidden=\"true\" class=\"fas fa-check\"><\/i>\t\t\t\t<\/span>\n\t\t\t<\/div>\n\t\t\t\n\t\t\t\t\t\t<div class=\"elementor-icon-box-content\">\n\n\t\t\t\t\n\t\t\t\t\t\t\t\t\t<p class=\"elementor-icon-box-description\">\n\t\t\t\t\t\tLa fonction Web vers fax est compatible avec diff\u00e9rents formats de fichiers. Les formats de fichiers les plus couramment utilis\u00e9s, tels que PDF, Microsoft Word, Excel et les images, peuvent \u00eatre facilement joints et envoy\u00e9s par t\u00e9l\u00e9copie. Cela permet aux utilisateurs d'envoyer une vari\u00e9t\u00e9 de types de documents sans avoir \u00e0 les convertir dans un format sp\u00e9cifique.\t\t\t\t\t<\/p>\n\t\t\t\t\n\t\t\t<\/div>\n\t\t\t\n\t\t<\/div>\n\t\t\t\t\t\t<\/div>\n\t\t\t\t<\/div>\n\t\t\t\t\t<\/div>\n\t\t<\/div>\n\t\t\t\t\t<\/div>\n\t\t<\/section>\n\t\t\t\t<section class=\"elementor-section elementor-top-section elementor-element elementor-element-9b4d0c1 elementor-section-full_width elementor-section-height-default elementor-section-height-default\" data-id=\"9b4d0c1\" data-element_type=\"section\" data-e-type=\"section\" data-settings=\"{&quot;jet_parallax_layout_list&quot;:[]}\">\n\t\t\t\t\t\t<div class=\"elementor-container elementor-column-gap-default\">\n\t\t\t\t\t<div class=\"elementor-column elementor-col-100 elementor-top-column elementor-element elementor-element-1f61cc1\" data-id=\"1f61cc1\" data-element_type=\"column\" data-e-type=\"column\">\n\t\t\t<div class=\"elementor-widget-wrap elementor-element-populated\">\n\t\t\t\t\t\t<div class=\"elementor-element elementor-element-6a3dc95 elementor-widget elementor-widget-template\" data-id=\"6a3dc95\" data-element_type=\"widget\" data-e-type=\"widget\" data-widget_type=\"template.default\">\n\t\t\t\t<div class=\"elementor-widget-container\">\n\t\t\t\t\t \t\t\t\t<\/div>\n\t\t\t\t<\/div>\n\t\t\t\t\t<\/div>\n\t\t<\/div>\n\t\t\t\t\t<\/div>\n\t\t<\/section>\n\t\t\t\t<section class=\"elementor-section elementor-top-section elementor-element elementor-element-b0425f0 elementor-section-full_width elementor-section-height-default elementor-section-height-default\" data-id=\"b0425f0\" data-element_type=\"section\" data-e-type=\"section\" data-settings=\"{&quot;jet_parallax_layout_list&quot;:[]}\">\n\t\t\t\t\t\t<div class=\"elementor-container elementor-column-gap-default\">\n\t\t\t\t\t<div class=\"elementor-column elementor-col-100 elementor-top-column elementor-element elementor-element-5a3e824\" data-id=\"5a3e824\" data-element_type=\"column\" data-e-type=\"column\">\n\t\t\t<div class=\"elementor-widget-wrap elementor-element-populated\">\n\t\t\t\t\t\t<div class=\"elementor-element elementor-element-59addbb elementor-widget elementor-widget-template\" data-id=\"59addbb\" data-element_type=\"widget\" data-e-type=\"widget\" data-widget_type=\"template.default\">\n\t\t\t\t<div class=\"elementor-widget-container\">\n\t\t\t\t\t \t\t\t\t<\/div>\n\t\t\t\t<\/div>\n\t\t\t\t\t<\/div>\n\t\t<\/div>\n\t\t\t\t\t<\/div>\n\t\t<\/section>\n\t\t\t\t<\/div>\n\t\t","protected":false},"excerpt":{"rendered":"<p>Fax \u00e9lectronique sans t\u00e9l\u00e9copieur Web vers fax Les utilisateurs d&rsquo;E-Fax peuvent acc\u00e9der au portail utilisateur et envoyer un fax \u00e0 partir de n&rsquo;importe quel navigateur internet. Il leur suffit de se connecter \u00e0 leur compte, de remplir les informations requises, d&rsquo;envoyer et de consulter l&rsquo;\u00e9tat de la t\u00e9l\u00e9copie en temps r\u00e9el sur le web.\u00a0 Parler [&hellip;]<\/p>\n","protected":false},"author":1,"featured_media":0,"parent":527,"menu_order":0,"comment_status":"closed","ping_status":"closed","template":"elementor_header_footer","meta":{"_acf_changed":false,"footnotes":""},"class_list":["post-537","page","type-page","status-publish","hentry"],"acf":[],"_links":{"self":[{"href":"https:\/\/internet-faxing.com\/fr\/wp-json\/wp\/v2\/pages\/537","targetHints":{"allow":["GET"]}}],"collection":[{"href":"https:\/\/internet-faxing.com\/fr\/wp-json\/wp\/v2\/pages"}],"about":[{"href":"https:\/\/internet-faxing.com\/fr\/wp-json\/wp\/v2\/types\/page"}],"author":[{"embeddable":true,"href":"https:\/\/internet-faxing.com\/fr\/wp-json\/wp\/v2\/users\/1"}],"replies":[{"embeddable":true,"href":"https:\/\/internet-faxing.com\/fr\/wp-json\/wp\/v2\/comments?post=537"}],"version-history":[{"count":0,"href":"https:\/\/internet-faxing.com\/fr\/wp-json\/wp\/v2\/pages\/537\/revisions"}],"up":[{"embeddable":true,"href":"https:\/\/internet-faxing.com\/fr\/wp-json\/wp\/v2\/pages\/527"}],"wp:attachment":[{"href":"https:\/\/internet-faxing.com\/fr\/wp-json\/wp\/v2\/media?parent=537"}],"curies":[{"name":"wp","href":"https:\/\/api.w.org\/{rel}","templated":true}]}}